{"id":3433,"date":"2021-02-17T15:00:39","date_gmt":"2021-02-17T12:00:39","guid":{"rendered":"https:\/\/artpres.com.tr\/contact\/"},"modified":"2023-05-04T12:39:06","modified_gmt":"2023-05-04T09:39:06","slug":"contact","status":"publish","type":"page","link":"https:\/\/artpres.com.tr\/en\/contact\/","title":{"rendered":"Contact"},"content":{"rendered":"\t\t<div data-elementor-type=\"wp-post\" data-elementor-id=\"3433\" class=\"elementor elementor-3433 elementor-350\">\n\t\t\t\t\t\t<section class=\"elementor-section elementor-top-section elementor-element elementor-element-c1153d9 elementor-section-boxed elementor-section-height-default elementor-section-height-default\" data-id=\"c1153d9\" data-element_type=\"section\" data-e-type=\"section\" data-settings=\"{&quot;background_background&quot;:&quot;classic&quot;}\">\n\t\t\t\t\t\t<div class=\"elementor-container elementor-column-gap-default\">\n\t\t\t\t\t<div class=\"elementor-column elementor-col-50 elementor-top-column elementor-element elementor-element-457ea2f\" data-id=\"457ea2f\" data-element_type=\"column\" data-e-type=\"column\">\n\t\t\t<div class=\"elementor-widget-wrap elementor-element-populated\">\n\t\t\t\t\t\t<div class=\"elementor-element elementor-element-4675044 elementor-widget elementor-widget-heading\" data-id=\"4675044\" data-element_type=\"widget\" data-e-type=\"widget\" data-widget_type=\"heading.default\">\n\t\t\t\t<div class=\"elementor-widget-container\">\n\t\t\t\t\t<h2 class=\"elementor-heading-title elementor-size-default elementor-heading-title\">Contact us<\/h2>\t\t\t\t<\/div>\n\t\t\t\t<\/div>\n\t\t\t\t<div class=\"elementor-element elementor-element-725428e elementor-widget elementor-widget-heading\" data-id=\"725428e\" data-element_type=\"widget\" data-e-type=\"widget\" data-widget_type=\"heading.default\">\n\t\t\t\t<div class=\"elementor-widget-container\">\n\t\t\t\t\t<span class=\"elementor-heading-title elementor-size-default elementor-heading-title\">Our Address<\/span>\t\t\t\t<\/div>\n\t\t\t\t<\/div>\n\t\t\t\t<div class=\"elementor-element elementor-element-d450b2b elementor-widget elementor-widget-text-editor\" data-id=\"d450b2b\" data-element_type=\"widget\" data-e-type=\"widget\" data-widget_type=\"text-editor.default\">\n\t\t\t\t<div class=\"elementor-widget-container\">\n\t\t\t\t\t\t\t\t\t<p>Artpres Matbaac\u0131l\u0131k San. ve Tic. A. \u015e.<\/p>\n<p>\u0130brahim Karao\u011flano\u011flu Cad. Altunta\u015f Apt.<br \/>\nNo: 35 Kat:1 D:2 Seyrantepe \/ ISTANBUL \/ TURKIYE<\/p>\n\t\t\t\t\t\t\t\t<\/div>\n\t\t\t\t<\/div>\n\t\t\t\t<div class=\"elementor-element elementor-element-c3a34d8 elementor-widget elementor-widget-heading\" data-id=\"c3a34d8\" data-element_type=\"widget\" data-e-type=\"widget\" data-widget_type=\"heading.default\">\n\t\t\t\t<div class=\"elementor-widget-container\">\n\t\t\t\t\t<span class=\"elementor-heading-title elementor-size-default elementor-heading-title\"><i class=\"ti-headphone-alt\"><\/i><span><b>Phone<\/b><br>+90 212 278 80 76<\/span><\/span>\t\t\t\t<\/div>\n\t\t\t\t<\/div>\n\t\t\t\t<div class=\"elementor-element elementor-element-776b6b5 elementor-widget elementor-widget-heading\" data-id=\"776b6b5\" data-element_type=\"widget\" data-e-type=\"widget\" data-widget_type=\"heading.default\">\n\t\t\t\t<div class=\"elementor-widget-container\">\n\t\t\t\t\t<span class=\"elementor-heading-title elementor-size-default elementor-heading-title\"><i class=\"ti-printer\"><\/i><span><b>Fax<\/b><br>+90 212 325 89 46<\/span><\/span>\t\t\t\t<\/div>\n\t\t\t\t<\/div>\n\t\t\t\t<div class=\"elementor-element elementor-element-6d71ff4 elementor-widget elementor-widget-heading\" data-id=\"6d71ff4\" data-element_type=\"widget\" data-e-type=\"widget\" data-widget_type=\"heading.default\">\n\t\t\t\t<div class=\"elementor-widget-container\">\n\t\t\t\t\t<span class=\"elementor-heading-title elementor-size-default elementor-heading-title\"><i class=\"ti-email\"><\/i><span><b>Email<\/b><br>info@artpres.com.tr<\/span><\/span>\t\t\t\t<\/div>\n\t\t\t\t<\/div>\n\t\t\t\t\t<\/div>\n\t\t<\/div>\n\t\t\t\t<div class=\"elementor-column elementor-col-50 elementor-top-column elementor-element elementor-element-3cca13e\" data-id=\"3cca13e\" data-element_type=\"column\" data-e-type=\"column\">\n\t\t\t<div class=\"elementor-widget-wrap elementor-element-populated\">\n\t\t\t\t\t\t<div class=\"elementor-element elementor-element-830e318 elementor-widget elementor-widget-shortcode\" data-id=\"830e318\" data-element_type=\"widget\" data-e-type=\"widget\" data-widget_type=\"shortcode.default\">\n\t\t\t\t<div class=\"elementor-widget-container\">\n\t\t\t\t\t\t\t<div class=\"elementor-shortcode\">\n<div class=\"wpcf7 no-js\" id=\"wpcf7-f43-o1\" lang=\"tr-TR\" dir=\"ltr\" data-wpcf7-id=\"43\">\n<div class=\"screen-reader-response\"><p role=\"status\" aria-live=\"polite\" aria-atomic=\"true\"><\/p> <ul><\/ul><\/div>\n<form action=\"\/en\/wp-json\/wp\/v2\/pages\/3433#wpcf7-f43-o1\" method=\"post\" class=\"wpcf7-form init\" aria-label=\"\u0130leti\u015fim Formu\" novalidate=\"novalidate\" data-status=\"init\">\n<fieldset class=\"hidden-fields-container\"><input type=\"hidden\" name=\"_wpcf7\" value=\"43\" \/><input type=\"hidden\" name=\"_wpcf7_version\" value=\"6.1.5\" \/><input type=\"hidden\" name=\"_wpcf7_locale\" value=\"tr_TR\" \/><input type=\"hidden\" name=\"_wpcf7_unit_tag\" value=\"wpcf7-f43-o1\" \/><input type=\"hidden\" name=\"_wpcf7_container_post\" value=\"0\" \/><input type=\"hidden\" name=\"_wpcf7_posted_data_hash\" value=\"\" \/>\n<\/fieldset>\n<div class=\"row\">\n\t<div class=\"col-md-6\">\n\t\t<p><span class=\"wpcf7-form-control-wrap\" data-name=\"your-name\"><input size=\"40\" maxlength=\"400\" class=\"wpcf7-form-control wpcf7-text wpcf7-validates-as-required\" aria-required=\"true\" aria-invalid=\"false\" placeholder=\"\u0130sminiz\" value=\"\" type=\"text\" name=\"your-name\" \/><\/span>\n\t\t<\/p>\n\t<\/div>\n\t<div class=\"col-md-6\">\n\t\t<p><span class=\"wpcf7-form-control-wrap\" data-name=\"company\"><input size=\"40\" maxlength=\"400\" class=\"wpcf7-form-control wpcf7-text\" aria-invalid=\"false\" placeholder=\"Firman\u0131z\" value=\"\" type=\"text\" name=\"company\" \/><\/span>\n\t\t<\/p>\n\t<\/div>\n<\/div>\n<div class=\"row\">\n\t<div class=\"col-md-6\">\n\t\t<p><span class=\"wpcf7-form-control-wrap\" data-name=\"mail\"><input size=\"40\" maxlength=\"400\" class=\"wpcf7-form-control wpcf7-email wpcf7-validates-as-required wpcf7-text wpcf7-validates-as-email\" aria-required=\"true\" aria-invalid=\"false\" placeholder=\"E-mail Adresiniz\" value=\"\" type=\"email\" name=\"mail\" \/><\/span>\n\t\t<\/p>\n\t<\/div>\n\t<div class=\"col-md-6\">\n\t\t<p><span class=\"wpcf7-form-control-wrap\" data-name=\"phone\"><input size=\"40\" maxlength=\"400\" class=\"wpcf7-form-control wpcf7-tel wpcf7-text wpcf7-validates-as-tel\" aria-invalid=\"false\" placeholder=\"Telefonunuz\" value=\"\" type=\"tel\" name=\"phone\" \/><\/span>\n\t\t<\/p>\n\t<\/div>\n<\/div>\n<div class=\"row\">\n\t<div class=\"col-md-12\">\n\t\t<p><span class=\"wpcf7-form-control-wrap\" data-name=\"Help\"><textarea cols=\"40\" rows=\"10\" maxlength=\"2000\" class=\"wpcf7-form-control wpcf7-textarea\" aria-invalid=\"false\" placeholder=\"Talebiniz nedir?\" name=\"Help\"><\/textarea><\/span>\n\t\t<\/p>\n\t<\/div>\n<\/div>\n<p><input class=\"wpcf7-form-control wpcf7-submit has-spinner\" type=\"submit\" value=\"G\u00f6nder\" \/>\n<\/p><div class=\"wpcf7-response-output\" aria-hidden=\"true\"><\/div>\n<\/form>\n<\/div>\n<\/div>\n\t\t\t\t\t\t<\/div>\n\t\t\t\t<\/div>\n\t\t\t\t\t<\/div>\n\t\t<\/div>\n\t\t\t\t\t<\/div>\n\t\t<\/section>\n\t\t\t\t<section class=\"elementor-section elementor-top-section elementor-element elementor-element-6841e38 elementor-section-full_width elementor-section-height-default elementor-section-height-default\" data-id=\"6841e38\" data-element_type=\"section\" data-e-type=\"section\" data-settings=\"{&quot;background_background&quot;:&quot;classic&quot;}\">\n\t\t\t\t\t\t<div class=\"elementor-container elementor-column-gap-no\">\n\t\t\t\t\t<div class=\"elementor-column elementor-col-100 elementor-top-column elementor-element elementor-element-1d3deac\" data-id=\"1d3deac\" data-element_type=\"column\" data-e-type=\"column\">\n\t\t\t<div class=\"elementor-widget-wrap elementor-element-populated\">\n\t\t\t\t\t\t<section class=\"elementor-section elementor-inner-section elementor-element elementor-element-062334e elementor-section-boxed elementor-section-height-default elementor-section-height-default\" data-id=\"062334e\" data-element_type=\"section\" data-e-type=\"section\">\n\t\t\t\t\t\t<div class=\"elementor-container elementor-column-gap-default\">\n\t\t\t\t\t<div class=\"elementor-column elementor-col-100 elementor-inner-column elementor-element elementor-element-ec4c295\" data-id=\"ec4c295\" data-element_type=\"column\" data-e-type=\"column\">\n\t\t\t<div class=\"elementor-widget-wrap elementor-element-populated\">\n\t\t\t\t\t\t<div class=\"elementor-element elementor-element-84eb414 elementor-widget elementor-widget-google_maps\" data-id=\"84eb414\" data-element_type=\"widget\" data-e-type=\"widget\" data-widget_type=\"google_maps.default\">\n\t\t\t\t<div class=\"elementor-widget-container\">\n\t\t\t\t\t\t\t<div class=\"elementor-custom-embed\">\n\t\t\t<iframe loading=\"lazy\"\n\t\t\t\t\tsrc=\"https:\/\/maps.google.com\/maps?q=Artpres&#038;t=m&#038;z=14&#038;output=embed&#038;iwloc=near\"\n\t\t\t\t\ttitle=\"Artpres\"\n\t\t\t\t\taria-label=\"Artpres\"\n\t\t\t><\/iframe>\n\t\t<\/div>\n\t\t\t\t\t\t<\/div>\n\t\t\t\t<\/div>\n\t\t\t\t\t<\/div>\n\t\t<\/div>\n\t\t\t\t\t<\/div>\n\t\t<\/section>\n\t\t\t\t\t<\/div>\n\t\t<\/div>\n\t\t\t\t\t<\/div>\n\t\t<\/section>\n\t\t\t\t<\/div>\n\t\t","protected":false},"excerpt":{"rendered":"<p>Contact us Our Address Artpres Matbaac\u0131l\u0131k San. ve Tic. A. \u015e. \u0130brahim Karao\u011flano\u011flu Cad. Altunta\u015f Apt. No: 35&#8230;<\/p>\n","protected":false},"author":1,"featured_media":0,"parent":0,"menu_order":0,"comment_status":"closed","ping_status":"closed","template":"elementor_header_footer","meta":{"footnotes":""},"class_list":["post-3433","page","type-page","status-publish","hentry"],"yoast_head":"<!-- This site is optimized with the Yoast SEO plugin v27.1.1 - https:\/\/yoast.com\/product\/yoast-seo-wordpress\/ -->\n<title>Contact - Artpres<\/title>\n<meta name=\"robots\" content=\"index, follow, max-snippet:-1, max-image-preview:large, max-video-preview:-1\" \/>\n<link rel=\"canonical\" href=\"https:\/\/artpres.com.tr\/en\/contact\/\" \/>\n<meta property=\"og:locale\" content=\"en_US\" \/>\n<meta property=\"og:type\" content=\"article\" \/>\n<meta property=\"og:title\" content=\"Contact - Artpres\" \/>\n<meta property=\"og:description\" content=\"Contact us Our Address Artpres Matbaac\u0131l\u0131k San. ve Tic. A. \u015e. \u0130brahim Karao\u011flano\u011flu Cad. Altunta\u015f Apt. No: 35...\" \/>\n<meta property=\"og:url\" content=\"https:\/\/artpres.com.tr\/en\/contact\/\" \/>\n<meta property=\"og:site_name\" content=\"Artpres\" \/>\n<meta property=\"article:publisher\" content=\"https:\/\/www.facebook.com\/Artpres-Matbaac%c4%b1l%c4%b1k-San-ve-Tic-Ltd-%c5%9eti-1690976994526920\" \/>\n<meta property=\"article:modified_time\" content=\"2023-05-04T09:39:06+00:00\" \/>\n<meta name=\"twitter:card\" content=\"summary_large_image\" \/>\n<script type=\"application\/ld+json\" class=\"yoast-schema-graph\">{\"@context\":\"https:\/\/schema.org\",\"@graph\":[{\"@type\":\"WebPage\",\"@id\":\"https:\/\/artpres.com.tr\/en\/contact\/\",\"url\":\"https:\/\/artpres.com.tr\/en\/contact\/\",\"name\":\"Contact - Artpres\",\"isPartOf\":{\"@id\":\"https:\/\/artpres.com.tr\/en\/#website\"},\"datePublished\":\"2021-02-17T12:00:39+00:00\",\"dateModified\":\"2023-05-04T09:39:06+00:00\",\"breadcrumb\":{\"@id\":\"https:\/\/artpres.com.tr\/en\/contact\/#breadcrumb\"},\"inLanguage\":\"en-US\",\"potentialAction\":[{\"@type\":\"ReadAction\",\"target\":[\"https:\/\/artpres.com.tr\/en\/contact\/\"]}]},{\"@type\":\"BreadcrumbList\",\"@id\":\"https:\/\/artpres.com.tr\/en\/contact\/#breadcrumb\",\"itemListElement\":[{\"@type\":\"ListItem\",\"position\":1,\"name\":\"Anasayfa\",\"item\":\"https:\/\/artpres.com.tr\/en\/\"},{\"@type\":\"ListItem\",\"position\":2,\"name\":\"Contact\"}]},{\"@type\":\"WebSite\",\"@id\":\"https:\/\/artpres.com.tr\/en\/#website\",\"url\":\"https:\/\/artpres.com.tr\/en\/\",\"name\":\"Artpres\",\"description\":\"Professional Printing Service\",\"publisher\":{\"@id\":\"https:\/\/artpres.com.tr\/en\/#organization\"},\"potentialAction\":[{\"@type\":\"SearchAction\",\"target\":{\"@type\":\"EntryPoint\",\"urlTemplate\":\"https:\/\/artpres.com.tr\/en\/?s={search_term_string}\"},\"query-input\":{\"@type\":\"PropertyValueSpecification\",\"valueRequired\":true,\"valueName\":\"search_term_string\"}}],\"inLanguage\":\"en-US\"},{\"@type\":\"Organization\",\"@id\":\"https:\/\/artpres.com.tr\/en\/#organization\",\"name\":\"Artpres Matbaa ve Bask\u0131 Hizmetleri\",\"url\":\"https:\/\/artpres.com.tr\/en\/\",\"logo\":{\"@type\":\"ImageObject\",\"inLanguage\":\"en-US\",\"@id\":\"https:\/\/artpres.com.tr\/en\/#\/schema\/logo\/image\/\",\"url\":\"https:\/\/artpres.com.tr\/wp-content\/uploads\/artpres-logo-2.png\",\"contentUrl\":\"https:\/\/artpres.com.tr\/wp-content\/uploads\/artpres-logo-2.png\",\"width\":372,\"height\":89,\"caption\":\"Artpres Matbaa ve Bask\u0131 Hizmetleri\"},\"image\":{\"@id\":\"https:\/\/artpres.com.tr\/en\/#\/schema\/logo\/image\/\"},\"sameAs\":[\"https:\/\/www.facebook.com\/Artpres-Matbaac\u0131l\u0131k-San-ve-Tic-Ltd-\u015eti-1690976994526920\",\"https:\/\/www.linkedin.com\/company\/artpres-matbaac\u0131l\u0131k-san-ve-tic-ltd-\u015fti\/\"]}]}<\/script>\n<!-- \/ Yoast SEO plugin. -->","yoast_head_json":{"title":"Contact - Artpres","robots":{"index":"index","follow":"follow","max-snippet":"max-snippet:-1","max-image-preview":"max-image-preview:large","max-video-preview":"max-video-preview:-1"},"canonical":"https:\/\/artpres.com.tr\/en\/contact\/","og_locale":"en_US","og_type":"article","og_title":"Contact - Artpres","og_description":"Contact us Our Address Artpres Matbaac\u0131l\u0131k San. ve Tic. A. \u015e. \u0130brahim Karao\u011flano\u011flu Cad. Altunta\u015f Apt. No: 35...","og_url":"https:\/\/artpres.com.tr\/en\/contact\/","og_site_name":"Artpres","article_publisher":"https:\/\/www.facebook.com\/Artpres-Matbaac%c4%b1l%c4%b1k-San-ve-Tic-Ltd-%c5%9eti-1690976994526920","article_modified_time":"2023-05-04T09:39:06+00:00","twitter_card":"summary_large_image","schema":{"@context":"https:\/\/schema.org","@graph":[{"@type":"WebPage","@id":"https:\/\/artpres.com.tr\/en\/contact\/","url":"https:\/\/artpres.com.tr\/en\/contact\/","name":"Contact - Artpres","isPartOf":{"@id":"https:\/\/artpres.com.tr\/en\/#website"},"datePublished":"2021-02-17T12:00:39+00:00","dateModified":"2023-05-04T09:39:06+00:00","breadcrumb":{"@id":"https:\/\/artpres.com.tr\/en\/contact\/#breadcrumb"},"inLanguage":"en-US","potentialAction":[{"@type":"ReadAction","target":["https:\/\/artpres.com.tr\/en\/contact\/"]}]},{"@type":"BreadcrumbList","@id":"https:\/\/artpres.com.tr\/en\/contact\/#breadcrumb","itemListElement":[{"@type":"ListItem","position":1,"name":"Anasayfa","item":"https:\/\/artpres.com.tr\/en\/"},{"@type":"ListItem","position":2,"name":"Contact"}]},{"@type":"WebSite","@id":"https:\/\/artpres.com.tr\/en\/#website","url":"https:\/\/artpres.com.tr\/en\/","name":"Artpres","description":"Professional Printing Service","publisher":{"@id":"https:\/\/artpres.com.tr\/en\/#organization"},"potentialAction":[{"@type":"SearchAction","target":{"@type":"EntryPoint","urlTemplate":"https:\/\/artpres.com.tr\/en\/?s={search_term_string}"},"query-input":{"@type":"PropertyValueSpecification","valueRequired":true,"valueName":"search_term_string"}}],"inLanguage":"en-US"},{"@type":"Organization","@id":"https:\/\/artpres.com.tr\/en\/#organization","name":"Artpres Matbaa ve Bask\u0131 Hizmetleri","url":"https:\/\/artpres.com.tr\/en\/","logo":{"@type":"ImageObject","inLanguage":"en-US","@id":"https:\/\/artpres.com.tr\/en\/#\/schema\/logo\/image\/","url":"https:\/\/artpres.com.tr\/wp-content\/uploads\/artpres-logo-2.png","contentUrl":"https:\/\/artpres.com.tr\/wp-content\/uploads\/artpres-logo-2.png","width":372,"height":89,"caption":"Artpres Matbaa ve Bask\u0131 Hizmetleri"},"image":{"@id":"https:\/\/artpres.com.tr\/en\/#\/schema\/logo\/image\/"},"sameAs":["https:\/\/www.facebook.com\/Artpres-Matbaac\u0131l\u0131k-San-ve-Tic-Ltd-\u015eti-1690976994526920","https:\/\/www.linkedin.com\/company\/artpres-matbaac\u0131l\u0131k-san-ve-tic-ltd-\u015fti\/"]}]}},"_links":{"self":[{"href":"https:\/\/artpres.com.tr\/en\/wp-json\/wp\/v2\/pages\/3433","targetHints":{"allow":["GET"]}}],"collection":[{"href":"https:\/\/artpres.com.tr\/en\/wp-json\/wp\/v2\/pages"}],"about":[{"href":"https:\/\/artpres.com.tr\/en\/wp-json\/wp\/v2\/types\/page"}],"author":[{"embeddable":true,"href":"https:\/\/artpres.com.tr\/en\/wp-json\/wp\/v2\/users\/1"}],"replies":[{"embeddable":true,"href":"https:\/\/artpres.com.tr\/en\/wp-json\/wp\/v2\/comments?post=3433"}],"version-history":[{"count":2,"href":"https:\/\/artpres.com.tr\/en\/wp-json\/wp\/v2\/pages\/3433\/revisions"}],"predecessor-version":[{"id":4071,"href":"https:\/\/artpres.com.tr\/en\/wp-json\/wp\/v2\/pages\/3433\/revisions\/4071"}],"wp:attachment":[{"href":"https:\/\/artpres.com.tr\/en\/wp-json\/wp\/v2\/media?parent=3433"}],"curies":[{"name":"wp","href":"https:\/\/api.w.org\/{rel}","templated":true}]}}